{"id":166,"date":"2023-07-05T17:07:26","date_gmt":"2023-07-05T17:07:26","guid":{"rendered":"http:\/\/www.bricolagavia.com\/?page_id=166"},"modified":"2023-08-30T16:54:12","modified_gmt":"2023-08-30T16:54:12","slug":"ropa","status":"publish","type":"page","link":"https:\/\/www.bricolagavia.com\/index.php\/ropa\/","title":{"rendered":"Ropa"},"content":{"rendered":"\n<div class=\"wp-block-media-text alignwide is-stacked-on-mobile has-background\" style=\"background-color:#f3f3f3\"><figure class=\"wp-block-media-text__media\"><img loading=\"lazy\" decoding=\"async\" width=\"380\" height=\"250\" src=\"https:\/\/www.bricolagavia.com\/wp-content\/uploads\/2023\/07\/service-1.jpg\" alt=\"\" class=\"wp-image-86 size-full\" srcset=\"https:\/\/www.bricolagavia.com\/wp-content\/uploads\/2023\/07\/service-1.jpg 380w, https:\/\/www.bricolagavia.com\/wp-content\/uploads\/2023\/07\/service-1-300x197.jpg 300w\" sizes=\"auto, (max-width: 380px) 100vw, 380px\" \/><\/figure><div class=\"wp-block-media-text__content\">\n<div class=\"wp-block-uagb-advanced-heading uagb-block-bd12544a\"><h2 class=\"uagb-heading-text\">Ropa laboral y accesorios<\/h2><\/div>\n\n\n\n<p>Ropa laboral y accesorios: comodidad y protecci\u00f3n para el trabajo.<\/p>\n<\/div><\/div>\n\n\n\n<p class=\"has-medium-font-size\">Prep\u00e1rate para el trabajo con nuestra l\u00ednea de ropa laboral y accesorios: brindamos comodidad, protecci\u00f3n y estilo para que puedas desempe\u00f1arte con confianza en cualquier entorno laboral.<\/p>\n\n\n\n<div class=\"wp-block-media-text alignwide has-media-on-the-right is-stacked-on-mobile has-background\" style=\"background-color:#f3f3f3\"><div class=\"wp-block-media-text__content\">\n<div class=\"wp-block-uagb-advanced-heading uagb-block-8ad0b906\"><h2 class=\"uagb-heading-text\">Calzados y EPIS<\/h2><\/div>\n\n\n\n<p>Equipado con comodidad y seguridad: descubre nuestra colecci\u00f3n de calzados y equipos de protecci\u00f3n personal.<\/p>\n<\/div><figure class=\"wp-block-media-text__media\"><img loading=\"lazy\" decoding=\"async\" width=\"1024\" height=\"768\" src=\"https:\/\/www.bricolagavia.com\/wp-content\/uploads\/2023\/08\/9924a7ae-c451-4ff5-8cc6-9c8ee4480a79-e1693413671855.jpg\" alt=\"\" class=\"wp-image-225 size-full\" srcset=\"https:\/\/www.bricolagavia.com\/wp-content\/uploads\/2023\/08\/9924a7ae-c451-4ff5-8cc6-9c8ee4480a79-e1693413671855.jpg 1024w, https:\/\/www.bricolagavia.com\/wp-content\/uploads\/2023\/08\/9924a7ae-c451-4ff5-8cc6-9c8ee4480a79-e1693413671855-300x225.jpg 300w, https:\/\/www.bricolagavia.com\/wp-content\/uploads\/2023\/08\/9924a7ae-c451-4ff5-8cc6-9c8ee4480a79-e1693413671855-768x576.jpg 768w, https:\/\/www.bricolagavia.com\/wp-content\/uploads\/2023\/08\/9924a7ae-c451-4ff5-8cc6-9c8ee4480a79-e1693413671855-1000x750.jpg 1000w, https:\/\/www.bricolagavia.com\/wp-content\/uploads\/2023\/08\/9924a7ae-c451-4ff5-8cc6-9c8ee4480a79-e1693413671855-230x173.jpg 230w, https:\/\/www.bricolagavia.com\/wp-content\/uploads\/2023\/08\/9924a7ae-c451-4ff5-8cc6-9c8ee4480a79-e1693413671855-350x263.jpg 350w, https:\/\/www.bricolagavia.com\/wp-content\/uploads\/2023\/08\/9924a7ae-c451-4ff5-8cc6-9c8ee4480a79-e1693413671855-480x360.jpg 480w\" sizes=\"auto, (max-width: 1024px) 100vw, 1024px\" \/><\/figure><\/div>\n","protected":false},"excerpt":{"rendered":"<p>Prep\u00e1rate para el trabajo con nuestra l\u00ednea de ropa laboral y accesorios: brindamos comodidad, protecci\u00f3n y estilo para que puedas desempe\u00f1arte con [&hellip;]<\/p>\n","protected":false},"author":1,"featured_media":0,"parent":0,"menu_order":0,"comment_status":"closed","ping_status":"closed","template":"","meta":{"_uag_custom_page_level_css":"","footnotes":""},"class_list":["post-166","page","type-page","status-publish","hentry"],"yoast_head":"<!-- This site is optimized with the Yoast SEO plugin v26.8 - https:\/\/yoast.com\/product\/yoast-seo-wordpress\/ -->\n<title>Ropa - Brico La Gavia<\/title>\n<meta name=\"robots\" content=\"index, follow, max-snippet:-1, max-image-preview:large, max-video-preview:-1\" \/>\n<link rel=\"canonical\" href=\"https:\/\/www.bricolagavia.com\/index.php\/ropa\/\" \/>\n<meta property=\"og:locale\" content=\"es_ES\" \/>\n<meta property=\"og:type\" content=\"article\" \/>\n<meta property=\"og:title\" content=\"Ropa - Brico La Gavia\" \/>\n<meta property=\"og:description\" content=\"Prep\u00e1rate para el trabajo con nuestra l\u00ednea de ropa laboral y accesorios: brindamos comodidad, protecci\u00f3n y estilo para que puedas desempe\u00f1arte con [&hellip;]\" \/>\n<meta property=\"og:url\" content=\"https:\/\/www.bricolagavia.com\/index.php\/ropa\/\" \/>\n<meta property=\"og:site_name\" content=\"Brico La Gavia\" \/>\n<meta property=\"article:publisher\" content=\"https:\/\/www.facebook.com\/BricolaGavia\" \/>\n<meta property=\"article:modified_time\" content=\"2023-08-30T16:54:12+00:00\" \/>\n<meta property=\"og:image\" content=\"http:\/\/www.bricolagavia.com\/wp-content\/uploads\/2023\/07\/service-1.jpg\" \/>\n<meta name=\"twitter:card\" content=\"summary_large_image\" \/>\n<script type=\"application\/ld+json\" class=\"yoast-schema-graph\">{\"@context\":\"https:\/\/schema.org\",\"@graph\":[{\"@type\":\"WebPage\",\"@id\":\"https:\/\/www.bricolagavia.com\/index.php\/ropa\/\",\"url\":\"https:\/\/www.bricolagavia.com\/index.php\/ropa\/\",\"name\":\"Ropa - Brico La Gavia\",\"isPartOf\":{\"@id\":\"https:\/\/www.bricolagavia.com\/#website\"},\"primaryImageOfPage\":{\"@id\":\"https:\/\/www.bricolagavia.com\/index.php\/ropa\/#primaryimage\"},\"image\":{\"@id\":\"https:\/\/www.bricolagavia.com\/index.php\/ropa\/#primaryimage\"},\"thumbnailUrl\":\"http:\/\/www.bricolagavia.com\/wp-content\/uploads\/2023\/07\/service-1.jpg\",\"datePublished\":\"2023-07-05T17:07:26+00:00\",\"dateModified\":\"2023-08-30T16:54:12+00:00\",\"breadcrumb\":{\"@id\":\"https:\/\/www.bricolagavia.com\/index.php\/ropa\/#breadcrumb\"},\"inLanguage\":\"es\",\"potentialAction\":[{\"@type\":\"ReadAction\",\"target\":[\"https:\/\/www.bricolagavia.com\/index.php\/ropa\/\"]}]},{\"@type\":\"ImageObject\",\"inLanguage\":\"es\",\"@id\":\"https:\/\/www.bricolagavia.com\/index.php\/ropa\/#primaryimage\",\"url\":\"https:\/\/www.bricolagavia.com\/wp-content\/uploads\/2023\/07\/service-1.jpg\",\"contentUrl\":\"https:\/\/www.bricolagavia.com\/wp-content\/uploads\/2023\/07\/service-1.jpg\",\"width\":380,\"height\":250},{\"@type\":\"BreadcrumbList\",\"@id\":\"https:\/\/www.bricolagavia.com\/index.php\/ropa\/#breadcrumb\",\"itemListElement\":[{\"@type\":\"ListItem\",\"position\":1,\"name\":\"Portada\",\"item\":\"https:\/\/www.bricolagavia.com\/\"},{\"@type\":\"ListItem\",\"position\":2,\"name\":\"Ropa\"}]},{\"@type\":\"WebSite\",\"@id\":\"https:\/\/www.bricolagavia.com\/#website\",\"url\":\"https:\/\/www.bricolagavia.com\/\",\"name\":\"Brico La Gavia\",\"description\":\"\",\"publisher\":{\"@id\":\"https:\/\/www.bricolagavia.com\/#organization\"},\"potentialAction\":[{\"@type\":\"SearchAction\",\"target\":{\"@type\":\"EntryPoint\",\"urlTemplate\":\"https:\/\/www.bricolagavia.com\/?s={search_term_string}\"},\"query-input\":{\"@type\":\"PropertyValueSpecification\",\"valueRequired\":true,\"valueName\":\"search_term_string\"}}],\"inLanguage\":\"es\"},{\"@type\":\"Organization\",\"@id\":\"https:\/\/www.bricolagavia.com\/#organization\",\"name\":\"Brico La Gavia - Materiales de Construcci\u00f3n\",\"alternateName\":\"Brico La Gavia - Materiales de Construcci\u00f3n\",\"url\":\"https:\/\/www.bricolagavia.com\/\",\"logo\":{\"@type\":\"ImageObject\",\"inLanguage\":\"es\",\"@id\":\"https:\/\/www.bricolagavia.com\/#\/schema\/logo\/image\/\",\"url\":\"https:\/\/www.bricolagavia.com\/wp-content\/uploads\/2023\/07\/BRICOLAGAVIA-1.png\",\"contentUrl\":\"https:\/\/www.bricolagavia.com\/wp-content\/uploads\/2023\/07\/BRICOLAGAVIA-1.png\",\"width\":808,\"height\":234,\"caption\":\"Brico La Gavia - Materiales de Construcci\u00f3n\"},\"image\":{\"@id\":\"https:\/\/www.bricolagavia.com\/#\/schema\/logo\/image\/\"},\"sameAs\":[\"https:\/\/www.facebook.com\/BricolaGavia\"]}]}<\/script>\n<!-- \/ Yoast SEO plugin. -->","yoast_head_json":{"title":"Ropa - Brico La Gavia","robots":{"index":"index","follow":"follow","max-snippet":"max-snippet:-1","max-image-preview":"max-image-preview:large","max-video-preview":"max-video-preview:-1"},"canonical":"https:\/\/www.bricolagavia.com\/index.php\/ropa\/","og_locale":"es_ES","og_type":"article","og_title":"Ropa - Brico La Gavia","og_description":"Prep\u00e1rate para el trabajo con nuestra l\u00ednea de ropa laboral y accesorios: brindamos comodidad, protecci\u00f3n y estilo para que puedas desempe\u00f1arte con [&hellip;]","og_url":"https:\/\/www.bricolagavia.com\/index.php\/ropa\/","og_site_name":"Brico La Gavia","article_publisher":"https:\/\/www.facebook.com\/BricolaGavia","article_modified_time":"2023-08-30T16:54:12+00:00","og_image":[{"url":"http:\/\/www.bricolagavia.com\/wp-content\/uploads\/2023\/07\/service-1.jpg","type":"","width":"","height":""}],"twitter_card":"summary_large_image","schema":{"@context":"https:\/\/schema.org","@graph":[{"@type":"WebPage","@id":"https:\/\/www.bricolagavia.com\/index.php\/ropa\/","url":"https:\/\/www.bricolagavia.com\/index.php\/ropa\/","name":"Ropa - Brico La Gavia","isPartOf":{"@id":"https:\/\/www.bricolagavia.com\/#website"},"primaryImageOfPage":{"@id":"https:\/\/www.bricolagavia.com\/index.php\/ropa\/#primaryimage"},"image":{"@id":"https:\/\/www.bricolagavia.com\/index.php\/ropa\/#primaryimage"},"thumbnailUrl":"http:\/\/www.bricolagavia.com\/wp-content\/uploads\/2023\/07\/service-1.jpg","datePublished":"2023-07-05T17:07:26+00:00","dateModified":"2023-08-30T16:54:12+00:00","breadcrumb":{"@id":"https:\/\/www.bricolagavia.com\/index.php\/ropa\/#breadcrumb"},"inLanguage":"es","potentialAction":[{"@type":"ReadAction","target":["https:\/\/www.bricolagavia.com\/index.php\/ropa\/"]}]},{"@type":"ImageObject","inLanguage":"es","@id":"https:\/\/www.bricolagavia.com\/index.php\/ropa\/#primaryimage","url":"https:\/\/www.bricolagavia.com\/wp-content\/uploads\/2023\/07\/service-1.jpg","contentUrl":"https:\/\/www.bricolagavia.com\/wp-content\/uploads\/2023\/07\/service-1.jpg","width":380,"height":250},{"@type":"BreadcrumbList","@id":"https:\/\/www.bricolagavia.com\/index.php\/ropa\/#breadcrumb","itemListElement":[{"@type":"ListItem","position":1,"name":"Portada","item":"https:\/\/www.bricolagavia.com\/"},{"@type":"ListItem","position":2,"name":"Ropa"}]},{"@type":"WebSite","@id":"https:\/\/www.bricolagavia.com\/#website","url":"https:\/\/www.bricolagavia.com\/","name":"Brico La Gavia","description":"","publisher":{"@id":"https:\/\/www.bricolagavia.com\/#organization"},"potentialAction":[{"@type":"SearchAction","target":{"@type":"EntryPoint","urlTemplate":"https:\/\/www.bricolagavia.com\/?s={search_term_string}"},"query-input":{"@type":"PropertyValueSpecification","valueRequired":true,"valueName":"search_term_string"}}],"inLanguage":"es"},{"@type":"Organization","@id":"https:\/\/www.bricolagavia.com\/#organization","name":"Brico La Gavia - Materiales de Construcci\u00f3n","alternateName":"Brico La Gavia - Materiales de Construcci\u00f3n","url":"https:\/\/www.bricolagavia.com\/","logo":{"@type":"ImageObject","inLanguage":"es","@id":"https:\/\/www.bricolagavia.com\/#\/schema\/logo\/image\/","url":"https:\/\/www.bricolagavia.com\/wp-content\/uploads\/2023\/07\/BRICOLAGAVIA-1.png","contentUrl":"https:\/\/www.bricolagavia.com\/wp-content\/uploads\/2023\/07\/BRICOLAGAVIA-1.png","width":808,"height":234,"caption":"Brico La Gavia - Materiales de Construcci\u00f3n"},"image":{"@id":"https:\/\/www.bricolagavia.com\/#\/schema\/logo\/image\/"},"sameAs":["https:\/\/www.facebook.com\/BricolaGavia"]}]}},"uagb_featured_image_src":{"full":false,"thumbnail":false,"medium":false,"medium_large":false,"large":false,"1536x1536":false,"2048x2048":false,"sydney-large-thumb":false,"sydney-medium-thumb":false,"sydney-small-thumb":false,"sydney-service-thumb":false,"sydney-mas-thumb":false},"uagb_author_info":{"display_name":"admin","author_link":"https:\/\/www.bricolagavia.com\/index.php\/author\/lavozdemedinadigital_gwj14csa\/"},"uagb_comment_info":0,"uagb_excerpt":"Prep\u00e1rate para el trabajo con nuestra l\u00ednea de ropa laboral y accesorios: brindamos comodidad, protecci\u00f3n y estilo para que puedas desempe\u00f1arte con [&hellip;]","_links":{"self":[{"href":"https:\/\/www.bricolagavia.com\/index.php\/wp-json\/wp\/v2\/pages\/166","targetHints":{"allow":["GET"]}}],"collection":[{"href":"https:\/\/www.bricolagavia.com\/index.php\/wp-json\/wp\/v2\/pages"}],"about":[{"href":"https:\/\/www.bricolagavia.com\/index.php\/wp-json\/wp\/v2\/types\/page"}],"author":[{"embeddable":true,"href":"https:\/\/www.bricolagavia.com\/index.php\/wp-json\/wp\/v2\/users\/1"}],"replies":[{"embeddable":true,"href":"https:\/\/www.bricolagavia.com\/index.php\/wp-json\/wp\/v2\/comments?post=166"}],"version-history":[{"count":3,"href":"https:\/\/www.bricolagavia.com\/index.php\/wp-json\/wp\/v2\/pages\/166\/revisions"}],"predecessor-version":[{"id":227,"href":"https:\/\/www.bricolagavia.com\/index.php\/wp-json\/wp\/v2\/pages\/166\/revisions\/227"}],"wp:attachment":[{"href":"https:\/\/www.bricolagavia.com\/index.php\/wp-json\/wp\/v2\/media?parent=166"}],"curies":[{"name":"wp","href":"https:\/\/api.w.org\/{rel}","templated":true}]}}