{"id":162,"date":"2023-07-05T17:03:44","date_gmt":"2023-07-05T17:03:44","guid":{"rendered":"http:\/\/www.bricolagavia.com\/?page_id=162"},"modified":"2023-08-31T07:45:41","modified_gmt":"2023-08-31T07:45:41","slug":"ferreteria","status":"publish","type":"page","link":"https:\/\/www.bricolagavia.com\/index.php\/ferreteria\/","title":{"rendered":"Ferreter\u00eda"},"content":{"rendered":"\n<div class=\"wp-block-media-text alignwide has-media-on-the-right is-stacked-on-mobile has-background\" style=\"background-color:#ffc03dcc\"><div class=\"wp-block-media-text__content\">\n<div class=\"wp-block-uagb-advanced-heading uagb-block-f50b49ee\"><h2 class=\"uagb-heading-text\">Ferreter\u00eda y herramientas<\/h2><\/div>\n\n\n\n<p>Encuentra todo lo que necesitas en nuestra ferreter\u00eda: herramientas de calidad y soluciones pr\u00e1cticas para cada proyecto.<\/p>\n<\/div><figure class=\"wp-block-media-text__media\"><img loading=\"lazy\" decoding=\"async\" width=\"1280\" height=\"853\" src=\"https:\/\/www.bricolagavia.com\/wp-content\/uploads\/2023\/07\/tools-construct-craft-864983.jpg\" alt=\"\" class=\"wp-image-93 size-full\" srcset=\"https:\/\/www.bricolagavia.com\/wp-content\/uploads\/2023\/07\/tools-construct-craft-864983.jpg 1280w, https:\/\/www.bricolagavia.com\/wp-content\/uploads\/2023\/07\/tools-construct-craft-864983-300x200.jpg 300w, https:\/\/www.bricolagavia.com\/wp-content\/uploads\/2023\/07\/tools-construct-craft-864983-1024x682.jpg 1024w, https:\/\/www.bricolagavia.com\/wp-content\/uploads\/2023\/07\/tools-construct-craft-864983-768x512.jpg 768w\" sizes=\"auto, (max-width: 1280px) 100vw, 1280px\" \/><\/figure><\/div>\n\n\n\n<p class=\"has-medium-font-size\"><strong>En nuestra ferreter\u00eda encontrar\u00e1s todo lo que necesitas: herramientas de calidad, materiales duraderos y soluciones pr\u00e1cticas para llevar a cabo tus proyectos de forma eficiente y exitosa.<\/strong><\/p>\n\n\n\n<div class=\"wp-block-uagb-container uagb-block-f135297b alignfull uagb-is-root-container\"><div class=\"uagb-container-inner-blocks-wrap\">\n<div class=\"wp-block-uagb-container uagb-block-b326a8a8\">\n<div class=\"wp-block-uagb-info-box uagb-block-7470e9ae uagb-infobox__content-wrap  uagb-infobox-icon-above-title uagb-infobox-image-valign-top\"><div class=\"uagb-ifb-content\"><div class=\"uagb-ifb-image-content\"><img decoding=\"async\" src=\"https:\/\/www.bricolagavia.com\/wp-content\/uploads\/2023\/08\/07d5662f-cff4-463e-8efd-088d61571942-e1693467363351.jpg\" alt=\"\" width=\"1024\" height=\"768\" loading=\"lazy\"\/><\/div><div class=\"uagb-ifb-title-wrap\"><h3 class=\"uagb-ifb-title\">Maquinaria<\/h3><\/div><\/div><\/div>\n<\/div>\n\n\n\n<div class=\"wp-block-uagb-container uagb-block-062e55bd\">\n<div class=\"wp-block-uagb-info-box uagb-block-72c40651 uagb-infobox__content-wrap  uagb-infobox-icon-above-title uagb-infobox-image-valign-top\"><div class=\"uagb-ifb-content\"><div class=\"uagb-ifb-image-content\"><img decoding=\"async\" src=\"https:\/\/www.bricolagavia.com\/wp-content\/uploads\/2023\/08\/f765991d-6919-4d79-857b-8383025784c4-e1693467416928.jpg\" alt=\"\" width=\"1024\" height=\"768\" loading=\"lazy\"\/><\/div><div class=\"uagb-ifb-title-wrap\"><h3 class=\"uagb-ifb-title\">Materiales<\/h3><\/div><\/div><\/div>\n<\/div>\n\n\n\n<div class=\"wp-block-uagb-container uagb-block-f8107bb1\">\n<div class=\"wp-block-uagb-info-box uagb-block-90b549cf uagb-infobox__content-wrap  uagb-infobox-icon-above-title uagb-infobox-image-valign-top\"><div class=\"uagb-ifb-content\"><div class=\"uagb-ifb-image-content\"><img decoding=\"async\" src=\"https:\/\/www.bricolagavia.com\/wp-content\/uploads\/2023\/08\/2c7804c1-45d0-4fe6-b1e6-5602745e2bc8-e1693467700361.jpg\" alt=\"\" width=\"1024\" height=\"768\" loading=\"lazy\"\/><\/div><div class=\"uagb-ifb-title-wrap\"><h3 class=\"uagb-ifb-title\">Herramientas<\/h3><\/div><\/div><\/div>\n<\/div>\n<\/div><\/div>\n","protected":false},"excerpt":{"rendered":"<p>En nuestra ferreter\u00eda encontrar\u00e1s todo lo que necesitas: herramientas de calidad, materiales duraderos y soluciones pr\u00e1cticas para llevar a cabo tus proyectos [&hellip;]<\/p>\n","protected":false},"author":1,"featured_media":0,"parent":0,"menu_order":0,"comment_status":"closed","ping_status":"closed","template":"","meta":{"_uag_custom_page_level_css":"","footnotes":""},"class_list":["post-162","page","type-page","status-publish","hentry"],"yoast_head":"<!-- This site is optimized with the Yoast SEO plugin v26.8 - https:\/\/yoast.com\/product\/yoast-seo-wordpress\/ -->\n<title>Ferreter\u00eda - Brico La Gavia<\/title>\n<meta name=\"robots\" content=\"index, follow, max-snippet:-1, max-image-preview:large, max-video-preview:-1\" \/>\n<link rel=\"canonical\" href=\"https:\/\/www.bricolagavia.com\/index.php\/ferreteria\/\" \/>\n<meta property=\"og:locale\" content=\"es_ES\" \/>\n<meta property=\"og:type\" content=\"article\" \/>\n<meta property=\"og:title\" content=\"Ferreter\u00eda - Brico La Gavia\" \/>\n<meta property=\"og:description\" content=\"En nuestra ferreter\u00eda encontrar\u00e1s todo lo que necesitas: herramientas de calidad, materiales duraderos y soluciones pr\u00e1cticas para llevar a cabo tus proyectos [&hellip;]\" \/>\n<meta property=\"og:url\" content=\"https:\/\/www.bricolagavia.com\/index.php\/ferreteria\/\" \/>\n<meta property=\"og:site_name\" content=\"Brico La Gavia\" \/>\n<meta property=\"article:publisher\" content=\"https:\/\/www.facebook.com\/BricolaGavia\" \/>\n<meta property=\"article:modified_time\" content=\"2023-08-31T07:45:41+00:00\" \/>\n<meta property=\"og:image\" content=\"http:\/\/www.bricolagavia.com\/wp-content\/uploads\/2023\/07\/tools-construct-craft-864983.jpg\" \/>\n<meta name=\"twitter:card\" content=\"summary_large_image\" \/>\n<script type=\"application\/ld+json\" class=\"yoast-schema-graph\">{\"@context\":\"https:\/\/schema.org\",\"@graph\":[{\"@type\":\"WebPage\",\"@id\":\"https:\/\/www.bricolagavia.com\/index.php\/ferreteria\/\",\"url\":\"https:\/\/www.bricolagavia.com\/index.php\/ferreteria\/\",\"name\":\"Ferreter\u00eda - Brico La Gavia\",\"isPartOf\":{\"@id\":\"https:\/\/www.bricolagavia.com\/#website\"},\"primaryImageOfPage\":{\"@id\":\"https:\/\/www.bricolagavia.com\/index.php\/ferreteria\/#primaryimage\"},\"image\":{\"@id\":\"https:\/\/www.bricolagavia.com\/index.php\/ferreteria\/#primaryimage\"},\"thumbnailUrl\":\"http:\/\/www.bricolagavia.com\/wp-content\/uploads\/2023\/07\/tools-construct-craft-864983.jpg\",\"datePublished\":\"2023-07-05T17:03:44+00:00\",\"dateModified\":\"2023-08-31T07:45:41+00:00\",\"breadcrumb\":{\"@id\":\"https:\/\/www.bricolagavia.com\/index.php\/ferreteria\/#breadcrumb\"},\"inLanguage\":\"es\",\"potentialAction\":[{\"@type\":\"ReadAction\",\"target\":[\"https:\/\/www.bricolagavia.com\/index.php\/ferreteria\/\"]}]},{\"@type\":\"ImageObject\",\"inLanguage\":\"es\",\"@id\":\"https:\/\/www.bricolagavia.com\/index.php\/ferreteria\/#primaryimage\",\"url\":\"https:\/\/www.bricolagavia.com\/wp-content\/uploads\/2023\/07\/tools-construct-craft-864983.jpg\",\"contentUrl\":\"https:\/\/www.bricolagavia.com\/wp-content\/uploads\/2023\/07\/tools-construct-craft-864983.jpg\",\"width\":1280,\"height\":853},{\"@type\":\"BreadcrumbList\",\"@id\":\"https:\/\/www.bricolagavia.com\/index.php\/ferreteria\/#breadcrumb\",\"itemListElement\":[{\"@type\":\"ListItem\",\"position\":1,\"name\":\"Portada\",\"item\":\"https:\/\/www.bricolagavia.com\/\"},{\"@type\":\"ListItem\",\"position\":2,\"name\":\"Ferreter\u00eda\"}]},{\"@type\":\"WebSite\",\"@id\":\"https:\/\/www.bricolagavia.com\/#website\",\"url\":\"https:\/\/www.bricolagavia.com\/\",\"name\":\"Brico La Gavia\",\"description\":\"\",\"publisher\":{\"@id\":\"https:\/\/www.bricolagavia.com\/#organization\"},\"potentialAction\":[{\"@type\":\"SearchAction\",\"target\":{\"@type\":\"EntryPoint\",\"urlTemplate\":\"https:\/\/www.bricolagavia.com\/?s={search_term_string}\"},\"query-input\":{\"@type\":\"PropertyValueSpecification\",\"valueRequired\":true,\"valueName\":\"search_term_string\"}}],\"inLanguage\":\"es\"},{\"@type\":\"Organization\",\"@id\":\"https:\/\/www.bricolagavia.com\/#organization\",\"name\":\"Brico La Gavia - Materiales de Construcci\u00f3n\",\"alternateName\":\"Brico La Gavia - Materiales de Construcci\u00f3n\",\"url\":\"https:\/\/www.bricolagavia.com\/\",\"logo\":{\"@type\":\"ImageObject\",\"inLanguage\":\"es\",\"@id\":\"https:\/\/www.bricolagavia.com\/#\/schema\/logo\/image\/\",\"url\":\"https:\/\/www.bricolagavia.com\/wp-content\/uploads\/2023\/07\/BRICOLAGAVIA-1.png\",\"contentUrl\":\"https:\/\/www.bricolagavia.com\/wp-content\/uploads\/2023\/07\/BRICOLAGAVIA-1.png\",\"width\":808,\"height\":234,\"caption\":\"Brico La Gavia - Materiales de Construcci\u00f3n\"},\"image\":{\"@id\":\"https:\/\/www.bricolagavia.com\/#\/schema\/logo\/image\/\"},\"sameAs\":[\"https:\/\/www.facebook.com\/BricolaGavia\"]}]}<\/script>\n<!-- \/ Yoast SEO plugin. -->","yoast_head_json":{"title":"Ferreter\u00eda - Brico La Gavia","robots":{"index":"index","follow":"follow","max-snippet":"max-snippet:-1","max-image-preview":"max-image-preview:large","max-video-preview":"max-video-preview:-1"},"canonical":"https:\/\/www.bricolagavia.com\/index.php\/ferreteria\/","og_locale":"es_ES","og_type":"article","og_title":"Ferreter\u00eda - Brico La Gavia","og_description":"En nuestra ferreter\u00eda encontrar\u00e1s todo lo que necesitas: herramientas de calidad, materiales duraderos y soluciones pr\u00e1cticas para llevar a cabo tus proyectos [&hellip;]","og_url":"https:\/\/www.bricolagavia.com\/index.php\/ferreteria\/","og_site_name":"Brico La Gavia","article_publisher":"https:\/\/www.facebook.com\/BricolaGavia","article_modified_time":"2023-08-31T07:45:41+00:00","og_image":[{"url":"http:\/\/www.bricolagavia.com\/wp-content\/uploads\/2023\/07\/tools-construct-craft-864983.jpg","type":"","width":"","height":""}],"twitter_card":"summary_large_image","schema":{"@context":"https:\/\/schema.org","@graph":[{"@type":"WebPage","@id":"https:\/\/www.bricolagavia.com\/index.php\/ferreteria\/","url":"https:\/\/www.bricolagavia.com\/index.php\/ferreteria\/","name":"Ferreter\u00eda - Brico La Gavia","isPartOf":{"@id":"https:\/\/www.bricolagavia.com\/#website"},"primaryImageOfPage":{"@id":"https:\/\/www.bricolagavia.com\/index.php\/ferreteria\/#primaryimage"},"image":{"@id":"https:\/\/www.bricolagavia.com\/index.php\/ferreteria\/#primaryimage"},"thumbnailUrl":"http:\/\/www.bricolagavia.com\/wp-content\/uploads\/2023\/07\/tools-construct-craft-864983.jpg","datePublished":"2023-07-05T17:03:44+00:00","dateModified":"2023-08-31T07:45:41+00:00","breadcrumb":{"@id":"https:\/\/www.bricolagavia.com\/index.php\/ferreteria\/#breadcrumb"},"inLanguage":"es","potentialAction":[{"@type":"ReadAction","target":["https:\/\/www.bricolagavia.com\/index.php\/ferreteria\/"]}]},{"@type":"ImageObject","inLanguage":"es","@id":"https:\/\/www.bricolagavia.com\/index.php\/ferreteria\/#primaryimage","url":"https:\/\/www.bricolagavia.com\/wp-content\/uploads\/2023\/07\/tools-construct-craft-864983.jpg","contentUrl":"https:\/\/www.bricolagavia.com\/wp-content\/uploads\/2023\/07\/tools-construct-craft-864983.jpg","width":1280,"height":853},{"@type":"BreadcrumbList","@id":"https:\/\/www.bricolagavia.com\/index.php\/ferreteria\/#breadcrumb","itemListElement":[{"@type":"ListItem","position":1,"name":"Portada","item":"https:\/\/www.bricolagavia.com\/"},{"@type":"ListItem","position":2,"name":"Ferreter\u00eda"}]},{"@type":"WebSite","@id":"https:\/\/www.bricolagavia.com\/#website","url":"https:\/\/www.bricolagavia.com\/","name":"Brico La Gavia","description":"","publisher":{"@id":"https:\/\/www.bricolagavia.com\/#organization"},"potentialAction":[{"@type":"SearchAction","target":{"@type":"EntryPoint","urlTemplate":"https:\/\/www.bricolagavia.com\/?s={search_term_string}"},"query-input":{"@type":"PropertyValueSpecification","valueRequired":true,"valueName":"search_term_string"}}],"inLanguage":"es"},{"@type":"Organization","@id":"https:\/\/www.bricolagavia.com\/#organization","name":"Brico La Gavia - Materiales de Construcci\u00f3n","alternateName":"Brico La Gavia - Materiales de Construcci\u00f3n","url":"https:\/\/www.bricolagavia.com\/","logo":{"@type":"ImageObject","inLanguage":"es","@id":"https:\/\/www.bricolagavia.com\/#\/schema\/logo\/image\/","url":"https:\/\/www.bricolagavia.com\/wp-content\/uploads\/2023\/07\/BRICOLAGAVIA-1.png","contentUrl":"https:\/\/www.bricolagavia.com\/wp-content\/uploads\/2023\/07\/BRICOLAGAVIA-1.png","width":808,"height":234,"caption":"Brico La Gavia - Materiales de Construcci\u00f3n"},"image":{"@id":"https:\/\/www.bricolagavia.com\/#\/schema\/logo\/image\/"},"sameAs":["https:\/\/www.facebook.com\/BricolaGavia"]}]}},"uagb_featured_image_src":{"full":false,"thumbnail":false,"medium":false,"medium_large":false,"large":false,"1536x1536":false,"2048x2048":false,"sydney-large-thumb":false,"sydney-medium-thumb":false,"sydney-small-thumb":false,"sydney-service-thumb":false,"sydney-mas-thumb":false},"uagb_author_info":{"display_name":"admin","author_link":"https:\/\/www.bricolagavia.com\/index.php\/author\/lavozdemedinadigital_gwj14csa\/"},"uagb_comment_info":0,"uagb_excerpt":"En nuestra ferreter\u00eda encontrar\u00e1s todo lo que necesitas: herramientas de calidad, materiales duraderos y soluciones pr\u00e1cticas para llevar a cabo tus proyectos [&hellip;]","_links":{"self":[{"href":"https:\/\/www.bricolagavia.com\/index.php\/wp-json\/wp\/v2\/pages\/162","targetHints":{"allow":["GET"]}}],"collection":[{"href":"https:\/\/www.bricolagavia.com\/index.php\/wp-json\/wp\/v2\/pages"}],"about":[{"href":"https:\/\/www.bricolagavia.com\/index.php\/wp-json\/wp\/v2\/types\/page"}],"author":[{"embeddable":true,"href":"https:\/\/www.bricolagavia.com\/index.php\/wp-json\/wp\/v2\/users\/1"}],"replies":[{"embeddable":true,"href":"https:\/\/www.bricolagavia.com\/index.php\/wp-json\/wp\/v2\/comments?post=162"}],"version-history":[{"count":2,"href":"https:\/\/www.bricolagavia.com\/index.php\/wp-json\/wp\/v2\/pages\/162\/revisions"}],"predecessor-version":[{"id":232,"href":"https:\/\/www.bricolagavia.com\/index.php\/wp-json\/wp\/v2\/pages\/162\/revisions\/232"}],"wp:attachment":[{"href":"https:\/\/www.bricolagavia.com\/index.php\/wp-json\/wp\/v2\/media?parent=162"}],"curies":[{"name":"wp","href":"https:\/\/api.w.org\/{rel}","templated":true}]}}