{"id":149,"date":"2023-07-05T16:30:48","date_gmt":"2023-07-05T16:30:48","guid":{"rendered":"http:\/\/www.bricolagavia.com\/?page_id=149"},"modified":"2023-09-25T09:45:24","modified_gmt":"2023-09-25T09:45:24","slug":"banos","status":"publish","type":"page","link":"https:\/\/www.bricolagavia.com\/index.php\/banos\/","title":{"rendered":"Ba\u00f1os"},"content":{"rendered":"\n<div class=\"wp-block-media-text alignwide has-media-on-the-right is-stacked-on-mobile has-luminous-vivid-amber-background-color has-background\"><div class=\"wp-block-media-text__content\">\n<div class=\"wp-block-uagb-advanced-heading uagb-block-17b8c426\"><h2 class=\"uagb-heading-text\">Ba\u00f1os y Grifer\u00edas<\/h2><\/div>\n\n\n\n<p>Transforma tu ba\u00f1o en un oasis de estilo y funcionalidad con nuestra amplia selecci\u00f3n de grifer\u00edas de calidad.<\/p>\n<\/div><figure class=\"wp-block-media-text__media\"><img loading=\"lazy\" decoding=\"async\" width=\"380\" height=\"253\" src=\"https:\/\/www.bricolagavia.com\/wp-content\/uploads\/2023\/07\/bathroom-chrome-clean-2193-e1687452882605.jpg\" alt=\"\" class=\"wp-image-74 size-full\" srcset=\"https:\/\/www.bricolagavia.com\/wp-content\/uploads\/2023\/07\/bathroom-chrome-clean-2193-e1687452882605.jpg 380w, https:\/\/www.bricolagavia.com\/wp-content\/uploads\/2023\/07\/bathroom-chrome-clean-2193-e1687452882605-300x200.jpg 300w\" sizes=\"auto, (max-width: 380px) 100vw, 380px\" \/><\/figure><\/div>\n\n\n\n<p class=\"has-large-font-size\">Si deseas renovar tu ba\u00f1o o aseo contamos con una amplia gama de grifos, duchas y sanitarios.<\/p>\n\n\n\n<div class=\"wp-block-uagb-container uagb-block-0120aa73 alignfull uagb-is-root-container\"><div class=\"uagb-container-inner-blocks-wrap\">\n<div class=\"wp-block-uagb-container uagb-block-416621c5\">\n<div class=\"wp-block-uagb-info-box uagb-block-8e235c40 uagb-infobox__content-wrap  uagb-infobox-icon-above-title uagb-infobox-image-valign-top\"><div class=\"uagb-ifb-content\"><div class=\"uagb-ifb-image-content\"><img decoding=\"async\" src=\"https:\/\/www.bricolagavia.com\/wp-content\/uploads\/2023\/08\/SANITARIOS.jpg\" alt=\"\" width=\"1024\" height=\"768\" loading=\"lazy\"\/><\/div><div class=\"uagb-ifb-title-wrap\"><h3 class=\"uagb-ifb-title\">Sanitarios<\/h3><\/div><\/div><\/div>\n<\/div>\n\n\n\n<div class=\"wp-block-uagb-container uagb-block-f9a52cfa\">\n<div class=\"wp-block-uagb-info-box uagb-block-d24b06fc uagb-infobox__content-wrap  uagb-infobox-icon-above-title uagb-infobox-image-valign-top\"><div class=\"uagb-ifb-content\"><div class=\"uagb-ifb-image-content\"><img decoding=\"async\" src=\"https:\/\/www.bricolagavia.com\/wp-content\/uploads\/2023\/08\/8245fd33-b348-4011-8f19-c5ef9bd73ea2-e1693407841689.jpg\" alt=\"\" width=\"1024\" height=\"768\" loading=\"lazy\"\/><\/div><div class=\"uagb-ifb-title-wrap\"><h3 class=\"uagb-ifb-title\">Grifer\u00edas<\/h3><\/div><\/div><\/div>\n<\/div>\n\n\n\n<div class=\"wp-block-uagb-container uagb-block-196668b6\">\n<div class=\"wp-block-uagb-info-box uagb-block-93026057 uagb-infobox__content-wrap  uagb-infobox-icon-above-title uagb-infobox-image-valign-top\"><div class=\"uagb-ifb-content\"><div class=\"uagb-ifb-image-content\"><img decoding=\"async\" src=\"https:\/\/www.bricolagavia.com\/wp-content\/uploads\/2023\/08\/DUCHAS.jpg\" alt=\"\" width=\"1536\" height=\"1152\" loading=\"lazy\"\/><\/div><div class=\"uagb-ifb-title-wrap\"><h3 class=\"uagb-ifb-title\">Duchas<\/h3><\/div><\/div><\/div>\n<\/div>\n<\/div><\/div>\n","protected":false},"excerpt":{"rendered":"<p>Si deseas renovar tu ba\u00f1o o aseo contamos con una amplia gama de grifos, duchas y sanitarios.<\/p>\n","protected":false},"author":1,"featured_media":0,"parent":0,"menu_order":0,"comment_status":"closed","ping_status":"closed","template":"","meta":{"_uag_custom_page_level_css":"","footnotes":""},"class_list":["post-149","page","type-page","status-publish","hentry"],"yoast_head":"<!-- This site is optimized with the Yoast SEO plugin v26.8 - https:\/\/yoast.com\/product\/yoast-seo-wordpress\/ -->\n<title>Ba\u00f1os - Brico La Gavia<\/title>\n<meta name=\"robots\" content=\"index, follow, max-snippet:-1, max-image-preview:large, max-video-preview:-1\" \/>\n<link rel=\"canonical\" href=\"https:\/\/www.bricolagavia.com\/index.php\/banos\/\" \/>\n<meta property=\"og:locale\" content=\"es_ES\" \/>\n<meta property=\"og:type\" content=\"article\" \/>\n<meta property=\"og:title\" content=\"Ba\u00f1os - Brico La Gavia\" \/>\n<meta property=\"og:description\" content=\"Si deseas renovar tu ba\u00f1o o aseo contamos con una amplia gama de grifos, duchas y sanitarios.\" \/>\n<meta property=\"og:url\" content=\"https:\/\/www.bricolagavia.com\/index.php\/banos\/\" \/>\n<meta property=\"og:site_name\" content=\"Brico La Gavia\" \/>\n<meta property=\"article:publisher\" content=\"https:\/\/www.facebook.com\/BricolaGavia\" \/>\n<meta property=\"article:modified_time\" content=\"2023-09-25T09:45:24+00:00\" \/>\n<meta property=\"og:image\" content=\"http:\/\/www.bricolagavia.com\/wp-content\/uploads\/2023\/07\/bathroom-chrome-clean-2193-e1687452882605.jpg\" \/>\n<meta name=\"twitter:card\" content=\"summary_large_image\" \/>\n<script type=\"application\/ld+json\" class=\"yoast-schema-graph\">{\"@context\":\"https:\/\/schema.org\",\"@graph\":[{\"@type\":\"WebPage\",\"@id\":\"https:\/\/www.bricolagavia.com\/index.php\/banos\/\",\"url\":\"https:\/\/www.bricolagavia.com\/index.php\/banos\/\",\"name\":\"Ba\u00f1os - Brico La Gavia\",\"isPartOf\":{\"@id\":\"https:\/\/www.bricolagavia.com\/#website\"},\"primaryImageOfPage\":{\"@id\":\"https:\/\/www.bricolagavia.com\/index.php\/banos\/#primaryimage\"},\"image\":{\"@id\":\"https:\/\/www.bricolagavia.com\/index.php\/banos\/#primaryimage\"},\"thumbnailUrl\":\"http:\/\/www.bricolagavia.com\/wp-content\/uploads\/2023\/07\/bathroom-chrome-clean-2193-e1687452882605.jpg\",\"datePublished\":\"2023-07-05T16:30:48+00:00\",\"dateModified\":\"2023-09-25T09:45:24+00:00\",\"breadcrumb\":{\"@id\":\"https:\/\/www.bricolagavia.com\/index.php\/banos\/#breadcrumb\"},\"inLanguage\":\"es\",\"potentialAction\":[{\"@type\":\"ReadAction\",\"target\":[\"https:\/\/www.bricolagavia.com\/index.php\/banos\/\"]}]},{\"@type\":\"ImageObject\",\"inLanguage\":\"es\",\"@id\":\"https:\/\/www.bricolagavia.com\/index.php\/banos\/#primaryimage\",\"url\":\"https:\/\/www.bricolagavia.com\/wp-content\/uploads\/2023\/07\/bathroom-chrome-clean-2193-e1687452882605.jpg\",\"contentUrl\":\"https:\/\/www.bricolagavia.com\/wp-content\/uploads\/2023\/07\/bathroom-chrome-clean-2193-e1687452882605.jpg\",\"width\":380,\"height\":253},{\"@type\":\"BreadcrumbList\",\"@id\":\"https:\/\/www.bricolagavia.com\/index.php\/banos\/#breadcrumb\",\"itemListElement\":[{\"@type\":\"ListItem\",\"position\":1,\"name\":\"Portada\",\"item\":\"https:\/\/www.bricolagavia.com\/\"},{\"@type\":\"ListItem\",\"position\":2,\"name\":\"Ba\u00f1os\"}]},{\"@type\":\"WebSite\",\"@id\":\"https:\/\/www.bricolagavia.com\/#website\",\"url\":\"https:\/\/www.bricolagavia.com\/\",\"name\":\"Brico La Gavia\",\"description\":\"\",\"publisher\":{\"@id\":\"https:\/\/www.bricolagavia.com\/#organization\"},\"potentialAction\":[{\"@type\":\"SearchAction\",\"target\":{\"@type\":\"EntryPoint\",\"urlTemplate\":\"https:\/\/www.bricolagavia.com\/?s={search_term_string}\"},\"query-input\":{\"@type\":\"PropertyValueSpecification\",\"valueRequired\":true,\"valueName\":\"search_term_string\"}}],\"inLanguage\":\"es\"},{\"@type\":\"Organization\",\"@id\":\"https:\/\/www.bricolagavia.com\/#organization\",\"name\":\"Brico La Gavia - Materiales de Construcci\u00f3n\",\"alternateName\":\"Brico La Gavia - Materiales de Construcci\u00f3n\",\"url\":\"https:\/\/www.bricolagavia.com\/\",\"logo\":{\"@type\":\"ImageObject\",\"inLanguage\":\"es\",\"@id\":\"https:\/\/www.bricolagavia.com\/#\/schema\/logo\/image\/\",\"url\":\"https:\/\/www.bricolagavia.com\/wp-content\/uploads\/2023\/07\/BRICOLAGAVIA-1.png\",\"contentUrl\":\"https:\/\/www.bricolagavia.com\/wp-content\/uploads\/2023\/07\/BRICOLAGAVIA-1.png\",\"width\":808,\"height\":234,\"caption\":\"Brico La Gavia - Materiales de Construcci\u00f3n\"},\"image\":{\"@id\":\"https:\/\/www.bricolagavia.com\/#\/schema\/logo\/image\/\"},\"sameAs\":[\"https:\/\/www.facebook.com\/BricolaGavia\"]}]}<\/script>\n<!-- \/ Yoast SEO plugin. -->","yoast_head_json":{"title":"Ba\u00f1os - Brico La Gavia","robots":{"index":"index","follow":"follow","max-snippet":"max-snippet:-1","max-image-preview":"max-image-preview:large","max-video-preview":"max-video-preview:-1"},"canonical":"https:\/\/www.bricolagavia.com\/index.php\/banos\/","og_locale":"es_ES","og_type":"article","og_title":"Ba\u00f1os - Brico La Gavia","og_description":"Si deseas renovar tu ba\u00f1o o aseo contamos con una amplia gama de grifos, duchas y sanitarios.","og_url":"https:\/\/www.bricolagavia.com\/index.php\/banos\/","og_site_name":"Brico La Gavia","article_publisher":"https:\/\/www.facebook.com\/BricolaGavia","article_modified_time":"2023-09-25T09:45:24+00:00","og_image":[{"url":"http:\/\/www.bricolagavia.com\/wp-content\/uploads\/2023\/07\/bathroom-chrome-clean-2193-e1687452882605.jpg","type":"","width":"","height":""}],"twitter_card":"summary_large_image","schema":{"@context":"https:\/\/schema.org","@graph":[{"@type":"WebPage","@id":"https:\/\/www.bricolagavia.com\/index.php\/banos\/","url":"https:\/\/www.bricolagavia.com\/index.php\/banos\/","name":"Ba\u00f1os - Brico La Gavia","isPartOf":{"@id":"https:\/\/www.bricolagavia.com\/#website"},"primaryImageOfPage":{"@id":"https:\/\/www.bricolagavia.com\/index.php\/banos\/#primaryimage"},"image":{"@id":"https:\/\/www.bricolagavia.com\/index.php\/banos\/#primaryimage"},"thumbnailUrl":"http:\/\/www.bricolagavia.com\/wp-content\/uploads\/2023\/07\/bathroom-chrome-clean-2193-e1687452882605.jpg","datePublished":"2023-07-05T16:30:48+00:00","dateModified":"2023-09-25T09:45:24+00:00","breadcrumb":{"@id":"https:\/\/www.bricolagavia.com\/index.php\/banos\/#breadcrumb"},"inLanguage":"es","potentialAction":[{"@type":"ReadAction","target":["https:\/\/www.bricolagavia.com\/index.php\/banos\/"]}]},{"@type":"ImageObject","inLanguage":"es","@id":"https:\/\/www.bricolagavia.com\/index.php\/banos\/#primaryimage","url":"https:\/\/www.bricolagavia.com\/wp-content\/uploads\/2023\/07\/bathroom-chrome-clean-2193-e1687452882605.jpg","contentUrl":"https:\/\/www.bricolagavia.com\/wp-content\/uploads\/2023\/07\/bathroom-chrome-clean-2193-e1687452882605.jpg","width":380,"height":253},{"@type":"BreadcrumbList","@id":"https:\/\/www.bricolagavia.com\/index.php\/banos\/#breadcrumb","itemListElement":[{"@type":"ListItem","position":1,"name":"Portada","item":"https:\/\/www.bricolagavia.com\/"},{"@type":"ListItem","position":2,"name":"Ba\u00f1os"}]},{"@type":"WebSite","@id":"https:\/\/www.bricolagavia.com\/#website","url":"https:\/\/www.bricolagavia.com\/","name":"Brico La Gavia","description":"","publisher":{"@id":"https:\/\/www.bricolagavia.com\/#organization"},"potentialAction":[{"@type":"SearchAction","target":{"@type":"EntryPoint","urlTemplate":"https:\/\/www.bricolagavia.com\/?s={search_term_string}"},"query-input":{"@type":"PropertyValueSpecification","valueRequired":true,"valueName":"search_term_string"}}],"inLanguage":"es"},{"@type":"Organization","@id":"https:\/\/www.bricolagavia.com\/#organization","name":"Brico La Gavia - Materiales de Construcci\u00f3n","alternateName":"Brico La Gavia - Materiales de Construcci\u00f3n","url":"https:\/\/www.bricolagavia.com\/","logo":{"@type":"ImageObject","inLanguage":"es","@id":"https:\/\/www.bricolagavia.com\/#\/schema\/logo\/image\/","url":"https:\/\/www.bricolagavia.com\/wp-content\/uploads\/2023\/07\/BRICOLAGAVIA-1.png","contentUrl":"https:\/\/www.bricolagavia.com\/wp-content\/uploads\/2023\/07\/BRICOLAGAVIA-1.png","width":808,"height":234,"caption":"Brico La Gavia - Materiales de Construcci\u00f3n"},"image":{"@id":"https:\/\/www.bricolagavia.com\/#\/schema\/logo\/image\/"},"sameAs":["https:\/\/www.facebook.com\/BricolaGavia"]}]}},"uagb_featured_image_src":{"full":false,"thumbnail":false,"medium":false,"medium_large":false,"large":false,"1536x1536":false,"2048x2048":false,"sydney-large-thumb":false,"sydney-medium-thumb":false,"sydney-small-thumb":false,"sydney-service-thumb":false,"sydney-mas-thumb":false},"uagb_author_info":{"display_name":"admin","author_link":"https:\/\/www.bricolagavia.com\/index.php\/author\/lavozdemedinadigital_gwj14csa\/"},"uagb_comment_info":0,"uagb_excerpt":"Si deseas renovar tu ba\u00f1o o aseo contamos con una amplia gama de grifos, duchas y sanitarios.","_links":{"self":[{"href":"https:\/\/www.bricolagavia.com\/index.php\/wp-json\/wp\/v2\/pages\/149","targetHints":{"allow":["GET"]}}],"collection":[{"href":"https:\/\/www.bricolagavia.com\/index.php\/wp-json\/wp\/v2\/pages"}],"about":[{"href":"https:\/\/www.bricolagavia.com\/index.php\/wp-json\/wp\/v2\/types\/page"}],"author":[{"embeddable":true,"href":"https:\/\/www.bricolagavia.com\/index.php\/wp-json\/wp\/v2\/users\/1"}],"replies":[{"embeddable":true,"href":"https:\/\/www.bricolagavia.com\/index.php\/wp-json\/wp\/v2\/comments?post=149"}],"version-history":[{"count":11,"href":"https:\/\/www.bricolagavia.com\/index.php\/wp-json\/wp\/v2\/pages\/149\/revisions"}],"predecessor-version":[{"id":284,"href":"https:\/\/www.bricolagavia.com\/index.php\/wp-json\/wp\/v2\/pages\/149\/revisions\/284"}],"wp:attachment":[{"href":"https:\/\/www.bricolagavia.com\/index.php\/wp-json\/wp\/v2\/media?parent=149"}],"curies":[{"name":"wp","href":"https:\/\/api.w.org\/{rel}","templated":true}]}}